{"id":259,"date":"2017-12-04T14:50:05","date_gmt":"2017-12-04T13:50:05","guid":{"rendered":"http:\/\/www.mbg.cz\/about-us\/"},"modified":"2018-02-09T13:41:34","modified_gmt":"2018-02-09T12:41:34","slug":"ueber-uns","status":"publish","type":"page","link":"https:\/\/www.mbg.cz\/de\/ueber-uns\/","title":{"rendered":"\u00dcBER UNS"},"content":{"rendered":"<h1>Wer wir sind<\/h1>\n<p>Wir sind ein rein tschechisches Unternehmen, das seit 1993 Ladeneinrichtungen, Einrichtungen f\u00fcr Tankstellen-Shops, Apotheken, medizinische R\u00e4ume, Drogerien, B\u00fcros, Restaurants und Kleinstbrauereien liefert. Wir haben eine eigene Metallbearbeitung, Tischlerei, Pulverlackiererei und Werkstatt f\u00fcr Kunststoffbearbeitung. Wir bieten unseren Kunden langfristige Zusammenarbeit, gegr\u00fcndet auf originellen L\u00f6sungen, pers\u00f6nlichem Kundenzugang, Zuverl\u00e4ssigkeit, Flexibilit\u00e4t und aktiver Hilfe bei Entwurf und Umsetzung. Neben eigenen Montage- und Serviceteams haben wir geschulte Partnergesellschaften auch in anderen europ\u00e4ischen L\u00e4ndern, mit denen wir langfristig zusammenarbeiten.<\/p>\n","protected":false},"excerpt":{"rendered":"<p>Wer wir sind Wir sind ein rein tschechisches Unternehmen, das seit 1993 Ladeneinrichtungen, Einrichtungen f\u00fcr Tankstellen-Shops, Apotheken, medizinische R\u00e4ume, Drogerien, B\u00fcros, Restaurants und Kleinstbrauereien liefert. Wir haben eine eigene Metallbearbeitung, Tischlerei, Pulverlackiererei und Werkstatt f\u00fcr Kunststoffbearbeitung. Wir bieten unseren Kunden langfristige Zusammenarbeit, gegr\u00fcndet auf originellen L\u00f6sungen, pers\u00f6nlichem Kundenzugang, Zuverl\u00e4ssigkeit, Flexibilit\u00e4t und aktiver Hilfe bei Entwurf [&hellip;]<\/p>\n","protected":false},"author":1,"featured_media":0,"parent":0,"menu_order":13,"comment_status":"closed","ping_status":"closed","template":"templates\/about.php","meta":{"_acf_changed":false,"footnotes":""},"acf":[],"yoast_head":"<!-- This site is optimized with the Yoast SEO plugin v22.8 - https:\/\/yoast.com\/wordpress\/plugins\/seo\/ -->\n<title>\u00dcBER UNS - MBG<\/title>\n<meta name=\"robots\" content=\"index, follow, max-snippet:-1, max-image-preview:large, max-video-preview:-1\" \/>\n<link rel=\"canonical\" href=\"https:\/\/www.mbg.cz\/de\/ueber-uns\/\" \/>\n<meta property=\"og:locale\" content=\"de_DE\" \/>\n<meta property=\"og:type\" content=\"article\" \/>\n<meta property=\"og:title\" content=\"\u00dcBER UNS - MBG\" \/>\n<meta property=\"og:description\" content=\"Wer wir sind Wir sind ein rein tschechisches Unternehmen, das seit 1993 Ladeneinrichtungen, Einrichtungen f\u00fcr Tankstellen-Shops, Apotheken, medizinische R\u00e4ume, Drogerien, B\u00fcros, Restaurants und Kleinstbrauereien liefert. Wir haben eine eigene Metallbearbeitung, Tischlerei, Pulverlackiererei und Werkstatt f\u00fcr Kunststoffbearbeitung. Wir bieten unseren Kunden langfristige Zusammenarbeit, gegr\u00fcndet auf originellen L\u00f6sungen, pers\u00f6nlichem Kundenzugang, Zuverl\u00e4ssigkeit, Flexibilit\u00e4t und aktiver Hilfe bei Entwurf [&hellip;]\" \/>\n<meta property=\"og:url\" content=\"https:\/\/www.mbg.cz\/de\/ueber-uns\/\" \/>\n<meta property=\"og:site_name\" content=\"MBG\" \/>\n<meta property=\"article:modified_time\" content=\"2018-02-09T12:41:34+00:00\" \/>\n<meta name=\"twitter:card\" content=\"summary_large_image\" \/>\n<script type=\"application\/ld+json\" class=\"yoast-schema-graph\">{\"@context\":\"https:\/\/schema.org\",\"@graph\":[{\"@type\":\"WebPage\",\"@id\":\"https:\/\/www.mbg.cz\/de\/ueber-uns\/\",\"url\":\"https:\/\/www.mbg.cz\/de\/ueber-uns\/\",\"name\":\"\u00dcBER UNS - MBG\",\"isPartOf\":{\"@id\":\"https:\/\/www.mbg.cz\/#website\"},\"datePublished\":\"2017-12-04T13:50:05+00:00\",\"dateModified\":\"2018-02-09T12:41:34+00:00\",\"breadcrumb\":{\"@id\":\"https:\/\/www.mbg.cz\/de\/ueber-uns\/#breadcrumb\"},\"inLanguage\":\"de-DE\",\"potentialAction\":[{\"@type\":\"ReadAction\",\"target\":[\"https:\/\/www.mbg.cz\/de\/ueber-uns\/\"]}]},{\"@type\":\"BreadcrumbList\",\"@id\":\"https:\/\/www.mbg.cz\/de\/ueber-uns\/#breadcrumb\",\"itemListElement\":[{\"@type\":\"ListItem\",\"position\":1,\"name\":\"Dom\u016f\",\"item\":\"https:\/\/www.mbg.cz\/de\/\"},{\"@type\":\"ListItem\",\"position\":2,\"name\":\"\u00dcBER UNS\"}]},{\"@type\":\"WebSite\",\"@id\":\"https:\/\/www.mbg.cz\/#website\",\"url\":\"https:\/\/www.mbg.cz\/\",\"name\":\"MBG\",\"description\":\"Vybaven\u00ed prodejen a interi\u00e9r\u016f prodejen \u010derpac\u00edch stanic\",\"potentialAction\":[{\"@type\":\"SearchAction\",\"target\":{\"@type\":\"EntryPoint\",\"urlTemplate\":\"https:\/\/www.mbg.cz\/?s={search_term_string}\"},\"query-input\":\"required name=search_term_string\"}],\"inLanguage\":\"de-DE\"}]}<\/script>\n<!-- \/ Yoast SEO plugin. -->","yoast_head_json":{"title":"\u00dcBER UNS - MBG","robots":{"index":"index","follow":"follow","max-snippet":"max-snippet:-1","max-image-preview":"max-image-preview:large","max-video-preview":"max-video-preview:-1"},"canonical":"https:\/\/www.mbg.cz\/de\/ueber-uns\/","og_locale":"de_DE","og_type":"article","og_title":"\u00dcBER UNS - MBG","og_description":"Wer wir sind Wir sind ein rein tschechisches Unternehmen, das seit 1993 Ladeneinrichtungen, Einrichtungen f\u00fcr Tankstellen-Shops, Apotheken, medizinische R\u00e4ume, Drogerien, B\u00fcros, Restaurants und Kleinstbrauereien liefert. Wir haben eine eigene Metallbearbeitung, Tischlerei, Pulverlackiererei und Werkstatt f\u00fcr Kunststoffbearbeitung. Wir bieten unseren Kunden langfristige Zusammenarbeit, gegr\u00fcndet auf originellen L\u00f6sungen, pers\u00f6nlichem Kundenzugang, Zuverl\u00e4ssigkeit, Flexibilit\u00e4t und aktiver Hilfe bei Entwurf [&hellip;]","og_url":"https:\/\/www.mbg.cz\/de\/ueber-uns\/","og_site_name":"MBG","article_modified_time":"2018-02-09T12:41:34+00:00","twitter_card":"summary_large_image","schema":{"@context":"https:\/\/schema.org","@graph":[{"@type":"WebPage","@id":"https:\/\/www.mbg.cz\/de\/ueber-uns\/","url":"https:\/\/www.mbg.cz\/de\/ueber-uns\/","name":"\u00dcBER UNS - MBG","isPartOf":{"@id":"https:\/\/www.mbg.cz\/#website"},"datePublished":"2017-12-04T13:50:05+00:00","dateModified":"2018-02-09T12:41:34+00:00","breadcrumb":{"@id":"https:\/\/www.mbg.cz\/de\/ueber-uns\/#breadcrumb"},"inLanguage":"de-DE","potentialAction":[{"@type":"ReadAction","target":["https:\/\/www.mbg.cz\/de\/ueber-uns\/"]}]},{"@type":"BreadcrumbList","@id":"https:\/\/www.mbg.cz\/de\/ueber-uns\/#breadcrumb","itemListElement":[{"@type":"ListItem","position":1,"name":"Dom\u016f","item":"https:\/\/www.mbg.cz\/de\/"},{"@type":"ListItem","position":2,"name":"\u00dcBER UNS"}]},{"@type":"WebSite","@id":"https:\/\/www.mbg.cz\/#website","url":"https:\/\/www.mbg.cz\/","name":"MBG","description":"Vybaven\u00ed prodejen a interi\u00e9r\u016f prodejen \u010derpac\u00edch stanic","potentialAction":[{"@type":"SearchAction","target":{"@type":"EntryPoint","urlTemplate":"https:\/\/www.mbg.cz\/?s={search_term_string}"},"query-input":"required name=search_term_string"}],"inLanguage":"de-DE"}]}},"_links":{"self":[{"href":"https:\/\/www.mbg.cz\/de\/wp-json\/wp\/v2\/pages\/259"}],"collection":[{"href":"https:\/\/www.mbg.cz\/de\/wp-json\/wp\/v2\/pages"}],"about":[{"href":"https:\/\/www.mbg.cz\/de\/wp-json\/wp\/v2\/types\/page"}],"author":[{"embeddable":true,"href":"https:\/\/www.mbg.cz\/de\/wp-json\/wp\/v2\/users\/1"}],"replies":[{"embeddable":true,"href":"https:\/\/www.mbg.cz\/de\/wp-json\/wp\/v2\/comments?post=259"}],"version-history":[{"count":3,"href":"https:\/\/www.mbg.cz\/de\/wp-json\/wp\/v2\/pages\/259\/revisions"}],"predecessor-version":[{"id":298,"href":"https:\/\/www.mbg.cz\/de\/wp-json\/wp\/v2\/pages\/259\/revisions\/298"}],"wp:attachment":[{"href":"https:\/\/www.mbg.cz\/de\/wp-json\/wp\/v2\/media?parent=259"}],"curies":[{"name":"wp","href":"https:\/\/api.w.org\/{rel}","templated":true}]}}